{"id":150,"date":"2022-12-05T12:27:08","date_gmt":"2022-12-05T11:27:08","guid":{"rendered":"https:\/\/apartment-chalkidiki.gr\/?page_id=150"},"modified":"2023-01-24T14:55:35","modified_gmt":"2023-01-24T13:55:35","slug":"datenschutzerklaerung","status":"publish","type":"page","link":"https:\/\/apartment-chalkidiki.gr\/el\/datenschutzerklaerung\/","title":{"rendered":"\u03a0\u03bf\u03bb\u03b9\u03c4\u03b9\u03ba\u03ae \u03b1\u03c0\u03bf\u03c1\u03c1\u03ae\u03c4\u03bf\u03c5"},"content":{"rendered":"<div data-elementor-type=\"wp-page\" data-elementor-id=\"150\" class=\"elementor elementor-150\">\n\t\t\t\t\t\t\t\t\t<section class=\"elementor-section elementor-top-section elementor-element elementor-element-7237ad3 elementor-section-boxed elementor-section-height-default elementor-section-height-default\" data-id=\"7237ad3\" data-element_type=\"section\">\n\t\t\t\t\t\t<div class=\"elementor-container elementor-column-gap-default\">\n\t\t\t\t\t<div class=\"elementor-column elementor-col-100 elementor-top-column elementor-element elementor-element-c10be95\" data-id=\"c10be95\" data-element_type=\"column\">\n\t\t\t<div class=\"elementor-widget-wrap elementor-element-populated\">\n\t\t\t\t\t\t\t\t<div class=\"elementor-element elementor-element-d20af67 elementor-widget elementor-widget-heading\" data-id=\"d20af67\" data-element_type=\"widget\" data-widget_type=\"heading.default\">\n\t\t\t\t<div class=\"elementor-widget-container\">\n\t\t\t<h1 class=\"elementor-heading-title elementor-size-default\">\u03a0\u03bf\u03bb\u03b9\u03c4\u03b9\u03ba\u03ae \u03b1\u03c0\u03bf\u03c1\u03c1\u03ae\u03c4\u03bf\u03c5<\/h1>\t\t<\/div>\n\t\t\t\t<\/div>\n\t\t\t\t<div class=\"elementor-element elementor-element-10cabf9 elementor-widget elementor-widget-text-editor\" data-id=\"10cabf9\" data-element_type=\"widget\" data-widget_type=\"text-editor.default\">\n\t\t\t\t<div class=\"elementor-widget-container\">\n\t\t\t\t\t\t\t<p><span style=\"font-weight: 400;\">Diese Datenschutzerkl\u00e4rung informiert die Nutzer dieser Website gem\u00e4\u00df europ\u00e4ischer Datenschutzgrundverordnung (DSGVO) \u00fcber die Art, den Umfang und den Zweck der Erhebung und der Verwendung personenbezogener Daten durch den Websitebetreiber. Der Websitebetreiber behandelt Ihre personenbezogenen Daten vertraulich und entsprechend der gesetzlichen Vorschriften.<\/span><\/p><p><span style=\"font-weight: 400;\">Personenbezogene Daten sind Informationen, die sich auf die Identit\u00e4t einer Person beziehen oder durch die eine Person identifizierbar ist, wie beispielsweise Kontaktdaten oder eine IP-Adresse. Die in dieser Datenschutzerkl\u00e4rung enthaltenen Begriffe sind im Sinne der Datenschutzgrundverordnung (in der Folge \u201eDSGVO\u201c genannt) zu verstehen.<\/span><\/p><p><b>Zugriffsdaten<\/b><\/p><p><span style=\"font-weight: 400;\">Der Websitebetreiber erhebt Daten \u00fcber Zugriffe auf die Seite und speichert diese als \u201eServer-Logfiles\u201c ab. Folgende Daten werden so protokolliert:<\/span><\/p><ul><li><span style=\"font-weight: 400;\"> Besuchte Website<\/span><\/li><li><span style=\"font-weight: 400;\"> Uhrzeit zum Zeitpunkt des Zugriffes<\/span><\/li><li><span style=\"font-weight: 400;\"> Menge der gesendeten Daten in Byte<\/span><\/li><li><span style=\"font-weight: 400;\"> Quelle\/Verweis<\/span><\/li><li><span style=\"font-weight: 400;\"> Verwendeter Browser<\/span><\/li><li><span style=\"font-weight: 400;\"> Verwendetes Betriebssystem<\/span><\/li><li><span style=\"font-weight: 400;\"> Verwendete IP-Adresse<\/span><\/li><\/ul><p>Die erhobenen Daten dienen lediglich statistischen Auswertungen und zur Verbesserung der Website. Der Websitebetreiber beh\u00e4lt sich allerdings vor, die Server-Logfiles nachtr\u00e4glich zu \u00fcberpr\u00fcfen, sollten konkrete Anhaltspunkte auf eine rechtswidrige Nutzung hinweisen.<\/p><p><b>Cookies<\/b><\/p><p><span style=\"font-weight: 400;\">Diese Website verwendet Cookies. Dabei handelt es sich um kleine Textdateien, welche auf einem Endger\u00e4t gespeichert werden. G\u00e4ngige Browser bieten die Einstellungsoption, Cookies nicht zuzulassen. Hinweis: Es ist nicht gew\u00e4hrleistet, dass auf alle Funktionen dieser Website ohne Einschr\u00e4nkungen zugegriffen werden kann, wenn entsprechende Einstellungen vorgenommen werden.<\/span><\/p><p><b>Umgang mit personenbezogenen Daten<\/b><\/p><p><span style=\"font-weight: 400;\">Der Websitebetreiber erhebt, nutzt und gibt personenbezogenen Daten nur dann weiter, wenn dies im gesetzlichen Rahmen erlaubt ist oder in die Datenerhebung eingewilligt wird.<\/span><\/p><p><span style=\"font-weight: 400;\">Als personenbezogene Daten gelten s\u00e4mtliche Informationen, welche dazu dienen, die Person zu bestimmen \u2013 also beispielsweise der Name, Ihre E-Mail-Adresse und Telefonnummer.<\/span><\/p><p><b>Umgang mit Kontaktdaten<\/b><\/p><p><span style=\"font-weight: 400;\">Wird mit dem Websitebetreiber durch die angebotenen Kontaktm\u00f6glichkeiten Kontakt aufgenommen, werden die Angaben gespeichert, damit auf diese zur Bearbeitung und Beantwortung der Anfrage und f\u00fcr den Fall von Anschlussfragen zur\u00fcckgegriffen werden kann. Ohne eine Einwilligung werden diese Daten nicht an Dritte weitergegeben.<\/span><\/p><p><b>Dauer der Verarbeitung von Daten<\/b><\/p><p><span style=\"font-weight: 400;\">Personenbezogene Daten, die im Zuge der Vertragserf\u00fcllung verarbeitet werden, werden l\u00e4ngstens f\u00fcr die Dauer gesetzlicher Aufbewahrungsfristen (derzeit 7 Jahre) verarbeitet. Abweichend davon k\u00f6nnen zwischen den Vertragspartnern l\u00e4ngere Fristen vereinbart werden. Personenbezogene Daten aus Anfragen werden f\u00fcr die Dauer der Erledigung der Anfrage gespeichert.\u00a0<\/span><\/p><p><b>Rechte des Nutzers: Auskunft, Berichtigung und L\u00f6schung<\/b><\/p><p><span style=\"font-weight: 400;\">Durch das Datenschutzrecht kommen einer von Datenverarbeitung betroffenen Person folgende Rechte zu:<\/span><\/p><ol><li style=\"font-weight: 400;\" aria-level=\"1\"><span style=\"font-weight: 400;\">Auskunftsrecht<\/span><\/li><li style=\"font-weight: 400;\" aria-level=\"1\"><span style=\"font-weight: 400;\">Recht auf Berichtigung<\/span><\/li><li style=\"font-weight: 400;\" aria-level=\"1\"><span style=\"font-weight: 400;\">Recht auf L\u00f6schung<\/span><\/li><li style=\"font-weight: 400;\" aria-level=\"1\"><span style=\"font-weight: 400;\">Recht auf Einschr\u00e4nkung der Verarbeitung<\/span><\/li><li style=\"font-weight: 400;\" aria-level=\"1\"><span style=\"font-weight: 400;\">Widerspruchsrecht<\/span><\/li><li style=\"font-weight: 400;\" aria-level=\"1\"><span style=\"font-weight: 400;\">Widerruf einer erteilten Einwilligung<\/span><\/li><li style=\"font-weight: 400;\" aria-level=\"1\"><span style=\"font-weight: 400;\">Recht auf Daten\u00fcbertragbarkeit<\/span><\/li><li style=\"font-weight: 400;\" aria-level=\"1\"><span style=\"font-weight: 400;\">Beschwerderecht bei der Datenschutzbeh\u00f6rde<\/span><\/li><\/ol><p><span style=\"font-weight: 400;\"><br \/>Zur Geltendmachung der unter a) bis g) angef\u00fchrten Rechte, k\u00f6nnen sich betroffene Personen per E-Mail an <\/span>roland.schaetlle@viterma.com <span style=\"font-weight: 400;\">wenden.<\/span><\/p><p><b>Google Analytics<\/b><\/p><p><span style=\"font-weight: 400;\">Soweit Sie Ihre Einwilligung erkl\u00e4rt haben, wird auf dieser Website Google Analytics 4 eingesetzt, ein Webanalysedienst der Google LLC. Verantwortliche Stelle f\u00fcr Nutzer in der EU\/ dem EWR und der Schweiz ist Google Ireland Limited, Google Building Gordon House, 4 Barrow St, Dublin, D04 E5W5, Irland (\u201eGoogle\u201c).<\/span><\/p><p><span style=\"font-weight: 400;\">Google Analytics verwendet Cookies, die eine Analyse der Benutzung unserer Webseite durch Sie erm\u00f6glichen. Die mittels der Cookies erhobenen Informationen \u00fcber Ihre Benutzung dieser Website werden in der Regel an einen Server von Google in den USA \u00fcbertragen und dort gespeichert.<\/span><\/p><p><span style=\"font-weight: 400;\">Bei Google Analytics 4 ist die Anonymisierung von IP-Adressen standardm\u00e4\u00dfig aktiviert. Aufgrund der IP-Anonymisierung wird Ihre IP-Adresse von Google innerhalb von Mitgliedstaaten der Europ\u00e4ischen Union oder in anderen Vertragsstaaten des Abkommens \u00fcber den Europ\u00e4ischen Wirtschaftsraum gek\u00fcrzt. Nur in Ausnahmef\u00e4llen wird die volle IP-Adresse an einen Server von Google in den USA \u00fcbertragen und dort gek\u00fcrzt. Die im Rahmen von Google Analytics von Ihrem Browser \u00fcbermittelte IP-Adresse wird laut Google nicht mit anderen Daten von Google zusammengef\u00fchrt.<\/span><\/p><p><span style=\"font-weight: 400;\">W\u00e4hrend Ihres Website-Besuchs wird Ihr Nutzerverhalten in Form von \u201eEreignissen\u201c erfasst. Ereignisse k\u00f6nnen sein:<\/span><\/p><ul><li style=\"font-weight: 400;\" aria-level=\"1\"><span style=\"font-weight: 400;\">Seitenaufrufe<\/span><\/li><li style=\"font-weight: 400;\" aria-level=\"1\"><span style=\"font-weight: 400;\">Erstmaliger Besuch der Website<\/span><\/li><li style=\"font-weight: 400;\" aria-level=\"1\"><span style=\"font-weight: 400;\">Start der Sitzung<\/span><\/li><li style=\"font-weight: 400;\" aria-level=\"1\"><span style=\"font-weight: 400;\">Ihr \u201eKlickpfad\u201c, Interaktion mit der Website<\/span><\/li><li style=\"font-weight: 400;\" aria-level=\"1\"><span style=\"font-weight: 400;\">Scrolls (immer wenn ein Nutzer bis zum Seitenende (90%) scrollt)<\/span><\/li><li style=\"font-weight: 400;\" aria-level=\"1\"><span style=\"font-weight: 400;\">Klicks auf externe Links\u00a0<\/span><\/li><li style=\"font-weight: 400;\" aria-level=\"1\"><span style=\"font-weight: 400;\">interne Suchanfragen<\/span><\/li><li style=\"font-weight: 400;\" aria-level=\"1\"><span style=\"font-weight: 400;\">Interaktion mit Videos<\/span><\/li><li style=\"font-weight: 400;\" aria-level=\"1\"><span style=\"font-weight: 400;\">Dateidownloads<\/span><\/li><li style=\"font-weight: 400;\" aria-level=\"1\"><span style=\"font-weight: 400;\">gesehene \/ angeklickte Anzeigen<\/span><\/li><li style=\"font-weight: 400;\" aria-level=\"1\"><span style=\"font-weight: 400;\">Spracheinstellung<\/span><\/li><\/ul><p><span style=\"font-weight: 400;\"><br \/>Au\u00dferdem wird erfasst:<\/span><\/p><ul><li style=\"font-weight: 400;\" aria-level=\"1\"><span style=\"font-weight: 400;\">Ihr ungef\u00e4hrer Standort (Region)<\/span><\/li><li style=\"font-weight: 400;\" aria-level=\"1\"><span style=\"font-weight: 400;\">Ihre IP-Adresse (in gek\u00fcrzter Form)<\/span><\/li><li style=\"font-weight: 400;\" aria-level=\"1\"><span style=\"font-weight: 400;\">technische Informationen zu Ihrem Browser und den von Ihnen genutzten Endger\u00e4ten (z.B. Spracheinstellung, Bildschirmaufl\u00f6sung)<\/span><\/li><li style=\"font-weight: 400;\" aria-level=\"1\"><span style=\"font-weight: 400;\">Ihr Internetanbieter<\/span><\/li><li style=\"font-weight: 400;\" aria-level=\"1\"><span style=\"font-weight: 400;\">die Referrer-URL (\u00fcber welche Website\/ \u00fcber welches Werbemittel Sie auf diese Website gekommen sind)<\/span><\/li><\/ul><p><span style=\"font-weight: 400;\"><br \/>Diese nutzerbezogenen Daten werden automatisch nach 14 Monaten gel\u00f6scht. Sonstige Daten bleiben in aggregierter Form unbefristet gespeichert.<\/span><\/p><p><span style=\"font-weight: 400;\">N\u00e4here Informationen zu Nutzungsbedingungen von Google Analytics und zum Datenschutz bei Google finden Sie unter <\/span><a href=\"https:\/\/marketingplatform.google.com\/about\/analytics\/terms\/de\/\" target=\"_blank\" rel=\"noopener\"><span style=\"font-weight: 400;\">https:\/\/marketingplatform.google.com\/about\/analytics\/terms\/de<\/span><\/a><span style=\"font-weight: 400;\">\/ und unter <\/span><a href=\"https:\/\/policies.google.com\/?hl=de\" target=\"_blank\" rel=\"noopener\"><span style=\"font-weight: 400;\">https:\/\/policies.google.com\/?hl=de<\/span><\/a><span style=\"font-weight: 400;\">.<\/span><\/p>\t\t\t\t\t\t<\/div>\n\t\t\t\t<\/div>\n\t\t\t\t\t<\/div>\n\t\t<\/div>\n\t\t\t\t\t\t\t<\/div>\n\t\t<\/section>\n\t\t\t\t\t\t\t<\/div>","protected":false},"excerpt":{"rendered":"<p>Datenschutzerkl\u00e4rung Diese Datenschutzerkl\u00e4rung informiert die Nutzer dieser Website gem\u00e4\u00df europ\u00e4ischer Datenschutzgrundverordnung (DSGVO) \u00fcber die Art, den Umfang und den Zweck der Erhebung und der Verwendung personenbezogener Daten durch den Websitebetreiber. Der Websitebetreiber behandelt Ihre personenbezogenen Daten vertraulich und entsprechend der gesetzlichen Vorschriften. Personenbezogene Daten sind Informationen, die sich auf die Identit\u00e4t einer Person beziehen oder [&hellip;]<\/p>","protected":false},"author":1,"featured_media":0,"parent":0,"menu_order":0,"comment_status":"closed","ping_status":"closed","template":"elementor_header_footer","meta":{"footnotes":""},"class_list":["post-150","page","type-page","status-publish","hentry"],"_links":{"self":[{"href":"https:\/\/apartment-chalkidiki.gr\/el\/wp-json\/wp\/v2\/pages\/150","targetHints":{"allow":["GET"]}}],"collection":[{"href":"https:\/\/apartment-chalkidiki.gr\/el\/wp-json\/wp\/v2\/pages"}],"about":[{"href":"https:\/\/apartment-chalkidiki.gr\/el\/wp-json\/wp\/v2\/types\/page"}],"author":[{"embeddable":true,"href":"https:\/\/apartment-chalkidiki.gr\/el\/wp-json\/wp\/v2\/users\/1"}],"replies":[{"embeddable":true,"href":"https:\/\/apartment-chalkidiki.gr\/el\/wp-json\/wp\/v2\/comments?post=150"}],"version-history":[{"count":7,"href":"https:\/\/apartment-chalkidiki.gr\/el\/wp-json\/wp\/v2\/pages\/150\/revisions"}],"predecessor-version":[{"id":240,"href":"https:\/\/apartment-chalkidiki.gr\/el\/wp-json\/wp\/v2\/pages\/150\/revisions\/240"}],"wp:attachment":[{"href":"https:\/\/apartment-chalkidiki.gr\/el\/wp-json\/wp\/v2\/media?parent=150"}],"curies":[{"name":"wp","href":"https:\/\/api.w.org\/{rel}","templated":true}]}}